{"id":602,"date":"2017-02-18T23:06:28","date_gmt":"2017-02-18T22:06:28","guid":{"rendered":"https:\/\/vomigod.com\/?page_id=602"},"modified":"2017-04-13T11:49:34","modified_gmt":"2017-04-13T09:49:34","slug":"r-psychozine","status":"publish","type":"page","link":"https:\/\/vomigod.com\/?page_id=602","title":{"rendered":"Recenzja &#8222;Promo 2004&#8221; @ PSYCHO WEBZINE"},"content":{"rendered":"<p>Vomigod &#8211; &#8222;Promo 2004&#8221;<\/p>\n<p>Zielonog\u00f3rski VOMIGOD uraczy\u0142 nas ostatnio swoim najnowszym promo, sk\u0142adaj\u0105cym si\u0119 z trzech kawa\u0142k\u00f3w o jak\u017ce weso\u0142ych tytu\u0142ach: &#8222;Kolekcjoner Wagin&#8221;, &#8222;Oraltroll&#8221; oraz &#8222;Respirator&#8221;. To promo to raptem tylko 6 minut muzyki pod znaku brutal death grind i raczej, nazwijmy to prosto, jest \u015bredniej klasy. Zesp\u00f3\u0142 tym materia\u0142em nie wnosi nic nowego do tego nurtu, ani te\u017c nie przynosi ujmy. Ot, typowe &#8222;\u0142ojenie&#8221; jakiego ostatnio wiele na naszym &#8222;ko\u015blawym&#8221; \u015bwiecie.<br \/>\nDla mnie jak na typowy grind jest na tym materiale za du\u017co wolnych, walcowatych fragment\u00f3w. Nie, \u017cebym nie lubi\u0142 takich motyw\u00f3w, ale jednak od produkcji tego typu spodziewam si\u0119 totalnych &#8222;napierdalanek&#8221; bez d\u0142u\u017c\u0105cych si\u0119 zwolnie\u0144. Dlatego wyr\u00f3\u017cni\u0119 kawa\u0142ek &#8222;Kolekcjoner Wagin&#8221;, nie tylko ze wzgl\u0119du na fajne hobby kogo\u015b tam, ale zw\u0142aszcza za szybko\u015b\u0107 i pomys\u0142owo\u015b\u0107.<br \/>\nCa\u0142o\u015b\u0107 jest sprawnie nagrana i zmiksowana przez niejakiego faceta kryj\u0105cego si\u0119 pod pseudonimem Poland (tak, tak, ten z Monastery!!). Niestety niez\u0142\u0105 ca\u0142o\u015b\u0107 d\u017awi\u0119ku psuje w kawa\u0142ku &#8222;Respirator&#8221; imitacja d\u017awi\u0119ku tego\u017c &#8222;ustrojstwa&#8221; podczas zastygaj\u0105cego serca&#8230; Bardzo &#8222;klawiszowo&#8221; i syntetycznie to wysz\u0142o \u0096 niczym d\u017awi\u0119k z jakiej\u015b zabawki dzieci\u0119cej, tak jakby zabrak\u0142o mo\u017cliwo\u015bci lub pomys\u0142u realizatorowi w studiu nagra\u0144. A mo\u017ce na tym polega\u0107 mia\u0142 ca\u0142y pastisz?? Cholera ich wie.<br \/>\nNie, nie czepiam si\u0119, nie odbiera\u0107 to tak, to co teraz pisz\u0119. Sam pisz\u0105c t\u0105 recenzj\u0119 s\u0142ucham dok\u0142adnie po raz si\u00f3dmy (co nie jest trudne zwa\u017cywszy na czas trwania promo) ten materia\u0142 i na pewno w wolnych chwilach, kiedy\u015b wr\u00f3c\u0119 do tego materia\u0142u. Jednak wola\u0142bym dosta\u0107 w swoje \u0142apy co\u015b jednak o wiele d\u0142u\u017cszego&#8230; i szybszego.<br \/>\nA, i piwo stawiam temu, kto mi wyt\u0142umaczy jak wygl\u0105da &#8222;ORALTROLL&#8221;. Zaznaczam, \u017ce mniej wi\u0119cej wiem jak wygl\u0105da typowy troll:-) Niestety oraltroll jest dla mnie pewnym novuum.<br \/>\nWszystkim lubuj\u0105cym si\u0119 w extremie ten materia\u0142 polecam, reszta zdecydowanie mo\u017ce sobie odpu\u015bci\u0107. Wi\u0119cej dowiedzie si\u0119 na stronie internetowej kapeli.<\/p>\n<p>ROBERT \u0141\u0118GOWIK<\/p>\n","protected":false},"excerpt":{"rendered":"<p>Vomigod &#8211; &#8222;Promo 2004&#8221; Zielonog\u00f3rski VOMIGOD uraczy\u0142 nas ostatnio swoim najnowszym promo, sk\u0142adaj\u0105cym si\u0119 z&#8230;<\/p>\n<div class=\"more-link-wrapper\"><a class=\"more-link\" href=\"https:\/\/vomigod.com\/?page_id=602\">Grzeb w g\u00f3wnie<span class=\"screen-reader-text\">Recenzja &#8222;Promo 2004&#8221; @ PSYCHO WEBZINE<\/span><\/a><\/div>\n","protected":false},"author":1,"featured_media":0,"parent":0,"menu_order":0,"comment_status":"closed","ping_status":"closed","template":"","meta":{"footnotes":""},"class_list":["post-602","page","type-page","status-publish","hentry","excerpt","zoom","full-without-featured","even","excerpt-0"],"_links":{"self":[{"href":"https:\/\/vomigod.com\/index.php?rest_route=\/wp\/v2\/pages\/602","targetHints":{"allow":["GET"]}}],"collection":[{"href":"https:\/\/vomigod.com\/index.php?rest_route=\/wp\/v2\/pages"}],"about":[{"href":"https:\/\/vomigod.com\/index.php?rest_route=\/wp\/v2\/types\/page"}],"author":[{"embeddable":true,"href":"https:\/\/vomigod.com\/index.php?rest_route=\/wp\/v2\/users\/1"}],"replies":[{"embeddable":true,"href":"https:\/\/vomigod.com\/index.php?rest_route=%2Fwp%2Fv2%2Fcomments&post=602"}],"version-history":[{"count":2,"href":"https:\/\/vomigod.com\/index.php?rest_route=\/wp\/v2\/pages\/602\/revisions"}],"predecessor-version":[{"id":693,"href":"https:\/\/vomigod.com\/index.php?rest_route=\/wp\/v2\/pages\/602\/revisions\/693"}],"wp:attachment":[{"href":"https:\/\/vomigod.com\/index.php?rest_route=%2Fwp%2Fv2%2Fmedia&parent=602"}],"curies":[{"name":"wp","href":"https:\/\/api.w.org\/{rel}","templated":true}]}}