{"id":590,"date":"2017-02-18T23:03:25","date_gmt":"2017-02-18T22:03:25","guid":{"rendered":"https:\/\/vomigod.com\/?page_id=590"},"modified":"2017-04-13T11:56:05","modified_gmt":"2017-04-13T09:56:05","slug":"r-turbosper","status":"publish","type":"page","link":"https:\/\/vomigod.com\/?page_id=590","title":{"rendered":"Recenzja &#8222;C.R.C.&#8221; @ TURBOSPERMINATOR ZINE"},"content":{"rendered":"<p>VOMIGOD &#8222;C.R.C.&#8221; (demo 2003)<\/p>\n<p>Zaczn\u0119 od tego, \u017ce wkr\u00f3tce wytocz\u0119 ch\u0142opakom proces o bezprawne wykorzystanie nazwy. Chodzi mi o to, \u017ce jeden z kawa\u0142k\u00f3w nosi tytu\u0142 &#8222;Nekrosadystyczny Turbosperminator&#8221;! Szczerze w\u0105tpi\u0119, \u017ceby sami wpadli na tak charakterystyczne przecie\u017c s\u0142owo, ale co tam&#8230; Mo\u017ce zostali\u015bmy ich inspiracj\u0105, hehehe. Poza tym wszystkie tytu\u0142y s\u0105 w naszym rodzimym j\u0119zyku. A co graj\u0105 nasi &#8222;fani&#8221;? Death metal z doz\u0105 grindu (np. &#8222;Abba Pater&#8221;), do\u015b\u0107 brutalny; nie przesadzaj\u0105 z tempami, preferuj\u0105 raczej co\u015b po\u015bredniego mi\u0119dzy szybko\u015bci\u0105 a walcami. CD-R wydany w\u0142asnym sumptem, nagrany w bli\u017cej mi nie znanym Blow Job Studio (chyba co\u015b zaimprowizowanego) nie jest najgorszy, ale jeszcze du\u017co mu brakuje do bardzo dobrego poziomu. Kawa\u0142ki, jak ju\u017c m\u00f3wi\u0142em, tocz\u0105 si\u0119 w niespiesznym, ale i nie \u017c\u00f3\u0142wim tempie, wt\u00f3ruje im grobowy wokal, czyli norma. W sumie brzmienie nie jest powalaj\u0105ce, ale i nie powoduje natychmiastowej ch\u0119ci naci\u015bni\u0119cia STOP. Zesp\u00f3\u0142 jakie\u015b tam pomys\u0142y ma, potrzeba ich tylko wi\u0119kszego ogrania. Niez\u0142a podziemna robota z rokowaniami na przysz\u0142o\u015b\u0107.<\/p>\n<p>Marcin<\/p>\n","protected":false},"excerpt":{"rendered":"<p>VOMIGOD &#8222;C.R.C.&#8221; (demo 2003) Zaczn\u0119 od tego, \u017ce wkr\u00f3tce wytocz\u0119 ch\u0142opakom proces o bezprawne wykorzystanie&#8230;<\/p>\n<div class=\"more-link-wrapper\"><a class=\"more-link\" href=\"https:\/\/vomigod.com\/?page_id=590\">Grzeb w g\u00f3wnie<span class=\"screen-reader-text\">Recenzja &#8222;C.R.C.&#8221; @ TURBOSPERMINATOR ZINE<\/span><\/a><\/div>\n","protected":false},"author":1,"featured_media":0,"parent":0,"menu_order":0,"comment_status":"closed","ping_status":"closed","template":"","meta":{"footnotes":""},"class_list":["post-590","page","type-page","status-publish","hentry","excerpt","zoom","full-without-featured","even","excerpt-0"],"_links":{"self":[{"href":"https:\/\/vomigod.com\/index.php?rest_route=\/wp\/v2\/pages\/590","targetHints":{"allow":["GET"]}}],"collection":[{"href":"https:\/\/vomigod.com\/index.php?rest_route=\/wp\/v2\/pages"}],"about":[{"href":"https:\/\/vomigod.com\/index.php?rest_route=\/wp\/v2\/types\/page"}],"author":[{"embeddable":true,"href":"https:\/\/vomigod.com\/index.php?rest_route=\/wp\/v2\/users\/1"}],"replies":[{"embeddable":true,"href":"https:\/\/vomigod.com\/index.php?rest_route=%2Fwp%2Fv2%2Fcomments&post=590"}],"version-history":[{"count":2,"href":"https:\/\/vomigod.com\/index.php?rest_route=\/wp\/v2\/pages\/590\/revisions"}],"predecessor-version":[{"id":711,"href":"https:\/\/vomigod.com\/index.php?rest_route=\/wp\/v2\/pages\/590\/revisions\/711"}],"wp:attachment":[{"href":"https:\/\/vomigod.com\/index.php?rest_route=%2Fwp%2Fv2%2Fmedia&parent=590"}],"curies":[{"name":"wp","href":"https:\/\/api.w.org\/{rel}","templated":true}]}}