{"id":581,"date":"2017-02-18T22:59:53","date_gmt":"2017-02-18T21:59:53","guid":{"rendered":"https:\/\/vomigod.com\/?page_id=581"},"modified":"2017-04-13T11:45:51","modified_gmt":"2017-04-13T09:45:51","slug":"r-diaholo","status":"publish","type":"page","link":"https:\/\/vomigod.com\/?page_id=581","title":{"rendered":"Recenzja &#8222;C.R.C.&#8221; @ DIABOLICAL HOLOCAUST ZINE"},"content":{"rendered":"<p>VOMIGOD &#8222;C.R.C.&#8221; (demo 2003)<\/p>\n<p>Umm, bumm, bumm&#8230; W moim odtwarzaczu zago\u015bci\u0142o demo VOMIGOD. Co mo\u017ce gra\u0107 zesp\u00f3\u0142 o takiej nazwie &#8211; oczywi\u015bcie \u017ce jeno death z du\u017cymi nalecia\u0142o\u015bciami grindu i na dodatek z tekstami gore. W\u0142\u0105czy\u0142em demo i co? A to \u017ce spad\u0142em z mojego taborka. Tak do mnie trafi\u0142a ta muza. Mamy tu szybk\u0105 muzyk\u0119 z du\u017c\u0105 ilo\u015bci\u0105 spowolnie\u0144, co im bardzo dobrze wychodzi. Pr\u00f3cz pot\u0119\u017cnych growli s\u0105 tu jeszcze maniakalne pokrzyki, wrzaski, a nawet w &#8222;Agonia&#8221; takie \u015bwi\u0144sko-ludzkie odg\u0142osy. Tytu\u0142y utwor\u00f3w &#8222;Nekrosadystyczny Turbosperminator&#8221; czy &#8222;Po\u017ceracz Wymiocin&#8221; m\u00f3wi\u0105 same za siebie, co VOMIGOD ma nam do przekazania. Nagra\u0144 dokonano w BlowJob Studio czyli w sali pr\u00f3b i co ja mog\u0119 powiedzie\u0107 o brzmieniu&#8230; Jest dobre, nie do ko\u0144ca czytelne, brudne, syfiaste, \u015bwietne. Tak dla statystyki jest 12 utwor\u00f3w, kt\u00f3re trwaj\u0105 20 minut i 6 sekund. Pytajcie si\u0119 o to demo bo schodzi jak \u015bwie\u017ce bu\u0142eczki, hehehehe!!!<\/p>\n<p>4.75\/6 by Mariusz (DIABOLICAL HOLOCAUST zine)<\/p>\n","protected":false},"excerpt":{"rendered":"<p>VOMIGOD &#8222;C.R.C.&#8221; (demo 2003) Umm, bumm, bumm&#8230; W moim odtwarzaczu zago\u015bci\u0142o demo VOMIGOD. Co mo\u017ce&#8230;<\/p>\n<div class=\"more-link-wrapper\"><a class=\"more-link\" href=\"https:\/\/vomigod.com\/?page_id=581\">Grzeb w g\u00f3wnie<span class=\"screen-reader-text\">Recenzja &#8222;C.R.C.&#8221; @ DIABOLICAL HOLOCAUST ZINE<\/span><\/a><\/div>\n","protected":false},"author":1,"featured_media":0,"parent":0,"menu_order":0,"comment_status":"closed","ping_status":"closed","template":"","meta":{"footnotes":""},"class_list":["post-581","page","type-page","status-publish","hentry","excerpt","zoom","full-without-featured","even","excerpt-0"],"_links":{"self":[{"href":"https:\/\/vomigod.com\/index.php?rest_route=\/wp\/v2\/pages\/581","targetHints":{"allow":["GET"]}}],"collection":[{"href":"https:\/\/vomigod.com\/index.php?rest_route=\/wp\/v2\/pages"}],"about":[{"href":"https:\/\/vomigod.com\/index.php?rest_route=\/wp\/v2\/types\/page"}],"author":[{"embeddable":true,"href":"https:\/\/vomigod.com\/index.php?rest_route=\/wp\/v2\/users\/1"}],"replies":[{"embeddable":true,"href":"https:\/\/vomigod.com\/index.php?rest_route=%2Fwp%2Fv2%2Fcomments&post=581"}],"version-history":[{"count":3,"href":"https:\/\/vomigod.com\/index.php?rest_route=\/wp\/v2\/pages\/581\/revisions"}],"predecessor-version":[{"id":686,"href":"https:\/\/vomigod.com\/index.php?rest_route=\/wp\/v2\/pages\/581\/revisions\/686"}],"wp:attachment":[{"href":"https:\/\/vomigod.com\/index.php?rest_route=%2Fwp%2Fv2%2Fmedia&parent=581"}],"curies":[{"name":"wp","href":"https:\/\/api.w.org\/{rel}","templated":true}]}}