{"id":560,"date":"2017-02-18T22:35:37","date_gmt":"2017-02-18T21:35:37","guid":{"rendered":"https:\/\/vomigod.com\/?page_id=560"},"modified":"2017-04-13T11:26:21","modified_gmt":"2017-04-13T09:26:21","slug":"w-bvomit","status":"publish","type":"page","link":"https:\/\/vomigod.com\/?page_id=560","title":{"rendered":"Wywiad: Pyrosh @ BRUTAL VOMIT ZINE"},"content":{"rendered":"<p><strong>Witaj! Co tam s\u0142ycha\u0107 w Grunbergu? Zombiaki szalej\u0105 po ulicach, zakonnice deprawuj\u0105 nieletnich na lekcjach katechezy?<\/strong><\/p>\n<p>Pyrol: Hlay litra Marcinku!! W Zielonej wszystko w jak najlepszym porz\u0105dku \ud83d\ude42 Zombie szalej\u0105 na ulicach na og\u00f3\u0142 jak wracamy z jakiej\u015b zdrowej najebki, znaki drogowe si\u0119 lekko przeginaj\u0105 a nocne pustoszone s\u0105 ze wszelkich tanich alkoholi \ud83d\ude42 Od czasu do czasu jaki\u015b ksi\u0119\u017culo strzepie sobie wafla przy dwunastoletnim ministrancie &#8211; ale to chyba ju\u017c taka norma. Najwa\u017cniejsze jednak, \u017ce \u017co\u0142\u0105dkowa gorzka w parku smakuje dalej tak samo, hehehehe.<\/p>\n<p><strong>Zagrali\u015bcie ostatnimi czasy par\u0119 fajnych koncert\u00f3w w ca\u0142kiem niez\u0142ym towarzystwie. Bo i na festiwalu w Che\u0142mie si\u0119 pokazali\u015bcie, teraz we Wroc\u0142awiu supportowa\u0142 Was sam PUNGENT STENCH (cho\u0107 po zajebistej muzie pozosta\u0142a ju\u017c tylko nazwa) he,he. Opr\u00f3cz tego gracie cz\u0119sto i g\u0119sto na mniejszych sp\u0119dach w Waszych okolicach, jednym s\u0142owem chyba si\u0119 rozkr\u0119cacie. Dorobili\u015bcie si\u0119 ju\u017c groupies je\u017cd\u017c\u0105cych za Wami po kraju i b\u0119d\u0105cymi na ka\u017cde Wasze zawo\u0142anie:)?<\/strong><\/p>\n<p>P: No rzeczywi\u015bcie &#8211; gramy sobie od czasu do czasu. Tu co\u015b pierdnie, tam co\u015b pierdnie. S\u0142ysza\u0142em, \u017ce PUNGENT STENCH byli bardzo zadowoleni z tego, \u017ce mog\u0105 nas supportowac \ud83d\ude42 W sumie to gramy wsz\u0119dzie, gdzie nas chc\u0105. A tam gdzie nas nie chc\u0105 &#8211; gramy z wi\u0119ksz\u0105 przyjemno\u015bci\u0105, hehehe. W sumie taka jest prawda: koncerty s\u0105 najwa\u017cniejsze &#8211; zajebi\u015bie lubimy wyst\u0119powa\u0107 na \u017cywo. A co do groupies to mamy ma\u0142y problem&#8230; Jest ich ju\u017c tyle, \u017ce nied\u0142ugo trzeba b\u0119dzie wynajmowa\u0107 trzeci autokar&#8230; A to ju\u017c i tak laski po dok\u0142adnej selekcji &#8211; ka\u017cdy z nas testowa\u0142 je po kolei osobi\u015bcie. Tak wi\u0119c, jak sam widzisz, je\u017adzi z nami ca\u0142a kurewska elita \ud83d\ude42 Ze swojej strony musz\u0119 doda\u0107 tylko, \u017ce zauwa\u017cam u siebie objawy staro\u015bci: po 20 numerku jednego wieczoru nie mog\u0119 trafi\u0107 papierosem do ryja i zaczynam rozlewa\u0107 w\u00f3dk\u0119 \ud83d\ude42<br \/>\nAle i te laseczki kiedy\u015b si\u0119 nam znudz\u0105 wi\u0119c w tym miejscu mo\u017ce ma\u0142e og\u0142oszenie do nowych dziewczynek: je\u015bli jeste\u015b m\u0142od\u0105, pi\u0119kn\u0105, kreatywn\u0105, inteligentn\u0105 panienk\u0105, kt\u00f3rej nie obce s\u0105 wszelkie u\u017cywki, uwielbiasz ro\u017cne zabawy (anal, oral, piss na klat\u0119, kaka w oko) &#8211; \u015blij pr\u00f3bk\u0119 \u015bluzu z pochwy, namiary, wymiary i zdj\u0119cie bez ubranka na pyrosh@o2.pl !!!<\/p>\n<p><strong>A jak wspominasz pierwszy w miar\u0119 udany &#8222;open air&#8221; w Polsce czyli sierpniowy Merciless East&#8221; fest.?<\/strong><\/p>\n<p>P: Impreza w Che\u0142mie jak dla mnie by\u0142a zajebista!!! Jak na pierwsz\u0105 edycj\u0119 i \u015brednie rozreklamowanie zjecha\u0142o si\u0119 sporo os\u00f3b i zabawa by\u0142a przednia. Wielkie dzi\u0119ki dla Piotra z PARRICIDE za wkr\u0119cenie!!! T\u0142ukli\u015bmy si\u0119 12 godzin w jedn\u0105 stron\u0119 malutkim autem by przez trzy dni nie trze\u017awie\u0107 przy akompaniamencie napierdalanki &#8211; cudownie!!! My\u015bl\u0119, \u017ce organizatorzy wiele si\u0119 nauczyli a nast\u0119pna edycja b\u0119dzie jeszcze lepsza. Wschodnie powietrze wp\u0142ywa zreszt\u0105 bardzo pozytywnie na efekt festiwalowy (koncerty + libacja 24h) &#8211; sam wiesz co si\u0119 dzia\u0142o przy namiotach \ud83d\ude42<\/p>\n<p><strong>Byli\u015bcie te\u017c (pewnie jak co roku, dla mnie by\u0142a to dopiero pierwsza impreza) na Obscene w roli &#8222;obserwator\u00f3w&#8221;, mo\u017ce za rok ju\u017c z VOMIGOD na scenie? Zamierzacie wkr\u0119ci\u0107 si\u0119 na t\u0105 impr\u0119 i zagra\u0107 przed tysi\u0105cami dewiant\u00f3w z r\u00f3\u017cnych zak\u0105tk\u00f3w \u015bwiata?<\/strong><\/p>\n<p>P: Od dw\u00f3ch lat pr\u00f3bujemy wkr\u0119ci\u0107 si\u0119 na OBSCENE ale jak do tej pory nie uda\u0142o si\u0119 to nam&#8230; Wszystko zale\u017cy i tak od Curby&#8217;ego i naszej or\u0119downiczki &#8211; \u015bw. Libacyji \ud83d\ude42 A zajebi\u015bcie by\u0142oby tam zagra\u0107 &#8211; taka ma\u0142a nobilitacja, hehehehe. Tak czy inaczej pewnie z Radkiem skoczymy na OEF2005 &#8211; pewnie sko\u0144czy si\u0119 lepiej ni\u017c poprzedni \ud83d\ude42 B\u0119dzie alkohol, b\u0119d\u0105 znajomi, b\u0119dzie zag\u0142ada!!!! Je\u015bli si\u0119 nam uda zagra\u0107 na jakiej\u015b edycji to zmieni si\u0119 tylko kolor opasek na nadgarstkach \ud83d\ude42 Czechy to raj dla naszych brzuch\u00f3w!!!<\/p>\n<p><strong>Ok, zapodaj teraz co\u015b o nowym stafie, czyli o prom\u00f3wce kt\u00f3r\u0105 si\u0119 promujecie. Powciskaj troch\u0119 kitu i powiedz jakie s\u0105 r\u00f3\u017cnice mi\u0119dzy nowymi kawa\u0142kami a tymi z pierwszego dema &#8222;C.R.C.&#8221;, z czego jeste\u015b zadowolony a z czego nie, ile czasu brandzlowali\u015bcie si\u0119 nad nowymi kawa\u0142kami, gdzie je zarejestrowali\u015bcie, poczuj si\u0119 po prostu jak gwiazda z zespo\u0142u metalowego udzielaj\u0105cego wywiadu do &#8222;Metal Hammera&#8221;, he, he.<\/strong><\/p>\n<p>P: Nasz nowy materia\u0142 zajebie wszystkich i poka\u017ce kto rz\u0105dzi na tej scenie!!!! Bracia i siostry: kupujcie nasz\u0105 p\u0142yt\u0119 (jak ju\u017c kto\u015b j\u0105 wyda :)) bo chcemy na Was zarobi\u0107 grub\u0105 kas\u0119!!! M\u00f3wi\u0142 do Was Pyrter z VOMEJDER \ud83d\ude42 Kurwa &#8211; Metal H\u0142ammer jak si\u0119 patrzy \ud83d\ude42 A tak naprawd\u0119 to nowy matex nagrali\u015bmy gdzie\u015b w marcu w studiu gitarzysty thrashowej kapeli MONASTERY &#8211; Polanda. W kilka dni w pocie, kurzu i browarach zarejestrowali\u015bmy 9 kawa\u0142k\u00f3w plus coverek, kt\u00f3rych ostateczn\u0105 wersj\u0105 jeste\u015bmy nawet zaskoczeni \ud83d\ude42 Wysz\u0142o z tego dwadzie\u015bciakilka minut klarownego grza\u0144ska o niez\u0142ym brzmieniu. Demo &#8222;C.R.C.&#8221; by\u0142o nagrywane w naszej salce pr\u00f3b i w\u0142a\u015bnie tak brzmi \ud83d\ude42 Jest jazda, brud, syf, zag\u0142uszaj\u0105ca wszystko chaina &#8211; czego chcie\u0107 wi\u0119cej \ud83d\ude42 Teraz jednak wszyscy zrobili si\u0119 francuskimi pieskami i musz\u0105 mie\u0107 zajebiste brzmienie, kolorow\u0105 100-stronnicow\u0105 wk\u0142adeczk\u0119 jak watyka\u0144skie kalendarze i wygrawerowanego chuja na p\u0142ycie. Wychodz\u0105c wi\u0119c naprzeciw oczekiwaniom takich w\u0142a\u015bnie os\u00f3b, kt\u00f3re zapomnia\u0142y ju\u017c jakiej jako\u015bci rzeczami podnieca\u0142y si\u0119 kilka lat temu &#8211; nowy materia\u0142 to przede wszystkim lepsze brzmienie. W kawa\u0142kach nie znajdzie nikt \u017cadnych sol\u00f3weczek, parapet\u00f3w, dziewiczych ch\u00f3rk\u00f3w czy innych g\u00f3wien &#8211; tylko proste napierdalanie doskonale nadaj\u0105ce si\u0119 do nakurwiania na gigach!!! Z tego materia\u0142u wybrali\u015bmy trzy numery i rozsy\u0142amy je gdzie si\u0119 da pod nazw\u0105 PROMO2004. Odzew w recenzjach jest bardzo dobry &#8211; zobaczymy jak si\u0119 sprawa rozwinie \ud83d\ude42<\/p>\n<p><strong>Czy w zwi\u0105zku z nowym materia\u0142em wi\u0105\u017cecie konkretne nadzieje? Mam tu na my\u015bli oczywi\u015bcie wydanie p\u0142ytki u jakiego\u015b bossa. Macie ca\u0142y materia\u0142 gotowy do wydania, mo\u017ce ubijecie interes z super Mario coby do\u0142\u0105czy\u0142 Was do nowego numeru traszemol? Odpowiada\u0142oby Wam takie co\u015b czy raczej nie jestecie zainteresowani tak\u0105 form\u0105 wydania debiutu VOMIGOD? Mo\u017ce bardziej odpowiednie wytw\u00f3rnie typu Morbid, Obscene, Bizarre Leprous, Bones Brigade, SMG, Khaaranus, etc.?<\/strong><\/p>\n<p>P: Jak ju\u017c wspomnia\u0142em &#8211; pornosa rozsy\u0142amy wsz\u0119dzie gdzie si\u0119 da. Oczywi\u015bcie mam tu na my\u015bli podziemne labele. Odzew &#8211; \u017ce tak powiem &#8211; znikomy&#8230; Ale chuj z tym \ud83d\ude42 W planach mamy zaistnienie na dw\u00f3ch splitach &#8211; zawsze to co\u015b \ud83d\ude42 A je\u015bli \u017caden potentat nie zechce tego wyda\u0107 &#8211; do akcji wejdzie HUMAN ERROR, czyli nasza domowa manufaktura. A na boss\u00f3w wielkich wytw\u00f3rni \u015blemy p\u0142ynne klocki z naszych zwieraczy \ud83d\ude42 Wole um\u00f3wi\u0107 si\u0119 na browara z potencjalnym wydawc\u0105 ni\u017c z jego zaszyt\u0105 sekretark\u0105 \ud83d\ude42 Ale za kilka lat kiedy b\u0119dziemy s\u0142awniejsi od Piaska-Piasecznego&#8230;. Heheheehehhe &#8211; pod krawatem p\u00f3jd\u0119 przedyskutowa\u0107 poprawno\u015b\u0107 moralna tytu\u0142\u00f3w i zawarto\u015b\u0107 merytoryczn\u0105 tekst\u00f3w pod k\u0105tem wp\u0142ywu na m\u0142odzie\u017c. O kurwa &#8211; to by by\u0142o dopiero, hahahhahahaha<\/p>\n<p><strong>Sk\u0105d u Ciebie talent do pisania takich \u0142adnych wierszy jak np. &#8222;Oraltroll&#8221;? Ucz\u0119szcza\u0142e\u015b w liceum do k\u0105cika literackiego? Pani od polskiego by\u0142aby z Ciebie dumna&#8230;<\/strong><\/p>\n<p>P: Na lekcjach polskiego wola\u0142em eksplorowa\u0107 park ko\u0142o szko\u0142y z browarkiem w r\u0119ku, a pani by\u0142a dumna kiedy nie uda\u0142o mi si\u0119 zasn\u0105\u0107 na jej lekcjach \ud83d\ude42 W najbli\u017cej przysz\u0142o\u015bci mam w planach wydanie mojego tomiku wierszy. B\u0119dzie on zatytu\u0142owany: &#8222;Sraczka Dziwaczka czyli kto zajeba\u0142 mi srajta\u015bm\u0119&#8221;. Spr\u00f3buj\u0119 si\u0119 w nim zetrze\u0107 z najwa\u017cniejszymi rzeczami dotycz\u0105cymi ludzkiej egzystencji: pocz\u0105wszy od zarzyganej deski klozetowej, poprzez uraz zapijania jabola kwa\u015bnym mlekiem a sko\u0144czywszy na kulkach w dupie po tygodniu bez wody. Ca\u0142o\u015b\u0107 zadedykuj\u0119 w\u0142a\u015bnie swojej polonistce. Kurwa &#8211; Nike gwarantowana &#8211; a mo\u017ce nawet literacki Nobel? Buahahahahhaha Najlepsze teksty na og\u00f3\u0142 powstaj\u0105 na dobrej bani &#8211; \u017ca\u0142uj\u0119, \u017ce czasem dyktafonu nie mam \ud83d\ude42<\/p>\n<p><strong>W repertuarze VOMIGOD znajduj\u0105 si\u0119 piosenki takich zespo\u0142\u00f3w jak MORTICIAN (&#8222;Zombie Apocalypse&#8221;), MAYHEM (&#8222;Chainsaw Gutsfuck&#8221;) i ULCEROUS PHLEGM (&#8222;Consequence&#8221;). Czy w zanadrzu macie kolejne covery? Je\u015bli tak to co to b\u0119dzie? Kapela Czerniakowska, Niebiesko-Czarni, Konkwista 88, Papa Dance? A tak na marginesie to nie uwa\u017casz, \u017ce m\u00f3g\u0142by powsta\u0107 taki &#8222;tribute to ULCEROUS PHLEGM&#8221;, bo ju\u017c chyba milion kapel zrobi\u0142o tego biednego &#8222;Consequence&#8217;a&#8221;, he, he.<\/strong><\/p>\n<p>P: No&#8230;. biedny ten &#8222;Consequence&#8221;&#8230; Ale co poradzi\u0107? Kawa\u0142ek jest tak zajebisty w swej prostacie, \u017ce nie spos\u00f3b spokojnie przej\u015b\u0107 obok niego!!! Zajebi\u015bcie si\u0119 sprawdza na koncertach. A swoj\u0105 drog\u0105 to si\u0119 dziwi\u0119, \u017ce jeszcze nie powsta\u0142 proponowany przez Ciebie tribute (chyba \u017ce o nim nic nie wiem :)). Zebra\u0107 na przyk\u0142ad dwadzie\u015bciapare wersji samego &#8222;Consequence&#8221; do kupy i wyda\u0107 &#8211; ale by by\u0142y jaja \ud83d\ude42 A opr\u00f3cz kawa\u0142k\u00f3w, kt\u00f3re wymieni\u0142e\u015b czasami gramy jeszcze tak oklepane utwory jak (nie b\u0119d\u0119 wymienia\u0142 autor\u00f3w bo to chyba zb\u0119dne&#8230;): &#8222;Genital Grinder&#8221;, &#8222;Fear Of Napalm&#8221; i &#8222;The Kill&#8221;. Mo\u017ce w najbli\u017cszym czasie zrobimy co\u015b nowego ale to pewnie wyjdzie w praniu \ud83d\ude42 Ja obstawia\u0142bym Blue Caffe albo Milano, chocia\u017c reszta ch\u0142opak\u00f3w czai si\u0119 podobno na zrobienie coveru kultowej gore&#8217;owej kapeli PicoloGoroDelAntoniano (w t\u0142umaczeniu: ma\u0142y zbutwia\u0142y fiutek Antka).<\/p>\n<p><strong>Macie stronk\u0119 w internecie na kt\u00f3rej by\u0142em dwa razy \u017ceby sobie popatrze\u0107. Nawet fajna. Promujecie si\u0119 troszk\u0119 w webzinach? Udzielali\u015bcie wywiad\u00f3w jakim\u015b kultowym webzinom jak np. Multum In Parvo albo &#8211; kurwa, ale nazwa &#8211; Nad Brzegami Czasu? Dostawali\u015bcie pro\u015bby od skrzywionych ch\u0142opc\u00f3w coby\u015bcie podes\u0142ali im na konto mejlowe demo \u0142adnie spakowane w formacie mp3?<\/strong><\/p>\n<p>P: Ano stronk\u0119 zrobi\u0142em ja i wielu osobom si\u0119 ona nie podoba &#8211; wielka dupa dla was!!! Podobno za ma\u0142o na niej szatana i pentos\u00f3w&#8230; Kwestia gustu \ud83d\ude42 Webziny&#8230; R\u00f3\u017cne s\u0105 opinie na ten temat&#8230; Zajebi\u015bcie gdy wersja internetowa idzie w parze z papierow\u0105. Ale gdy osobnik, kt\u00f3ry nie czai ca\u0142kowicie sceny bierze si\u0119 za rol\u0119 zajebistego redaktora to krew mnie zalewa. Czytam na jakiej\u015b stronie artykulik, wywiad albo recenzj\u0119 i nie wierze w\u0142asnym oczom&#8230; Dlatego cz\u0119sto wymieniam myszki i klawiatury \ud83d\ude42 Wywiad\u00f3w do nas skierowanych by\u0142o malutko &#8211; ten jest chyba trzeci albo czwarty. Na ca\u0142e szcz\u0119\u015bcie nikt nie zabi\u0142 mnie pro\u015bb\u0105 o wys\u0142anie promosa w empetr\u00f3jkach. Jebn\u0105\u0142 bym chyba ze \u015bmiechu!!! A co do nazw to u mnie kr\u00f3luje forum &#8222;Zimna Zima&#8221; &#8211; to brzmi jak &#8222;Chujowy Chuj&#8221; buahahahahhaha<\/p>\n<p><strong>Gdyby\u015b mia\u0142 mo\u017cliwo\u015b\u0107 wyboru kapel do zagrania wsp\u00f3lnego koncertu to na jakie zespo\u0142y pad\u0142by Tw\u00f3j wyb\u00f3r? Niech zgadn\u0119 &#8211; w pierwszej kolejno\u015bci by\u0142by to MORTICIAN?<\/strong><\/p>\n<p>P: O jezusie brodaty &#8211; ja pierdole&#8230;.. Chyba masz za ma\u0142o miejsca \u017ceby wszystkie te nazwy wydrukowa\u0107 \ud83d\ude42 Kilka kapel by si\u0119 zebra\u0142o. Z pewno\u015bci\u0105 MORTICIAN, ale te\u017c na przyk\u0142ad HAEMORRHAGE, RGTE, MACHETAZO, NASUM, ostatni moi ulubie\u0144cy &#8211; ULTRA VOMIT \ud83d\ude42 Wcale bym si\u0119 nie obrazi\u0142 gdyby na otwieranie koncert\u00f3w zaprosi\u0142 nas O-ZONE hahahahahahahah<\/p>\n<p><strong>Scena w Zielonej G\u00f3rze ma si\u0119 chyba dobrze? Jest sporo fajnych kapel jak np. Witchmaster, Supreme Lord, Wy, Ebola, teraz jeszcze doszed\u0142 TARAN w kt\u00f3rym pono\u0107 gra Wasz gitarzysta Kryha. Jakie stosunki panuj\u0105 mi\u0119dzy Wami? Staracie sobie nawzajem pomaga\u0107 czy ka\u017cdy tylko czeka aby przy najbli\u017cszej okazji wbi\u0107 widelca w oko?<\/strong><\/p>\n<p>P: W sumie do tej listy mo\u017cna by doda\u0107 jeszcze GOATLORD, MYSTHERIUM (ale panu W. rowa wyliza\u0142em :)) czy z innej beczki INDUSTRIUM czy D-ZONE. My\u015bl\u0119, \u017ce nasza scena jest zajebi\u015bcie zwarta w por\u00f3wnaniu do tego co si\u0119 dzieje w innych miastach (z tego co s\u0142ysza\u0142em&#8230;). Wszyscy staraj\u0105 si\u0119 w miar\u0119 budowa\u0107 wsp\u00f3lnie ten tw\u00f3r. Oczywi\u015bcie zdarzaj\u0105 si\u0119 nieraz jakie\u015b zgrzyty &#8211; to chyba normalne &#8211; pozwala to czasem zdrowym okiem spojrze\u0107 na ca\u0142\u0105 sytuacj\u0119. Tak czy inaczej nie jest u nas najgorzej \ud83d\ude42 Co do TARAN &#8211; rzeczywi\u015bcie jest to kapela naszego wios\u0142owego Kryhy. Nakurwiaj\u0105 bezlitosny black prosto w ryj chrze\u015bcija\u0144skim \u015bwiniom!!! Nagrali w tym roku zajebiste demo w DBX Studio &#8211; spokojnie mog\u0119 je poleci\u0107 wszystkim, kt\u00f3rzy lubi\u0105 ostr\u0105 jazd\u0119!!! Nawet ci, kt\u00f3rzy gardz\u0105 wymalowanymi mordami b\u0119d\u0105 usatysfakcjonowani!!!<br \/>\nA ka\u017cdy zainteresowany zielonog\u00f3rsk\u0105 scen\u0105 mo\u017ce si\u0119 czu\u0107 zaproszony na libacj\u0119 z ekip\u0105 ZG SLAUGHTER!!!<\/p>\n<p><strong>No dobra, na zako\u0144czenie powiedz par\u0119 mi\u0142ych s\u0142\u00f3w do tych nielicznych, kt\u00f3rzy przeczytali ten wywiad&#8230;<\/strong><\/p>\n<p>P: Dzi\u0119ki Misiu za wywiadzik &#8211; mam nadziej\u0119, \u017ce sobie kurwa \u017cartujesz i nie ko\u0144czysz dzia\u0142alno\u015bci&#8230; Co mog\u0119 powiedzie\u0107 na koniec? Przychod\u017acie na koncerty, wspierajcie scen\u0119, dewastujcie swoje w\u0105troby, malujcie akwarelami i walcie w \u017cebro ksi\u0119dza-pederast\u0119!!! Zapraszam do zarzygania naszej stronki: www.vomigod.prv.pl ! Do zobaczenia na koncertach!!!<\/p>\n","protected":false},"excerpt":{"rendered":"<p>Witaj! Co tam s\u0142ycha\u0107 w Grunbergu? Zombiaki szalej\u0105 po ulicach, zakonnice deprawuj\u0105 nieletnich na lekcjach&#8230;<\/p>\n<div class=\"more-link-wrapper\"><a class=\"more-link\" href=\"https:\/\/vomigod.com\/?page_id=560\">Grzeb w g\u00f3wnie<span class=\"screen-reader-text\">Wywiad: Pyrosh @ BRUTAL VOMIT ZINE<\/span><\/a><\/div>\n","protected":false},"author":1,"featured_media":0,"parent":0,"menu_order":0,"comment_status":"closed","ping_status":"closed","template":"","meta":{"footnotes":""},"class_list":["post-560","page","type-page","status-publish","hentry","excerpt","zoom","full-without-featured","even","excerpt-0"],"_links":{"self":[{"href":"https:\/\/vomigod.com\/index.php?rest_route=\/wp\/v2\/pages\/560","targetHints":{"allow":["GET"]}}],"collection":[{"href":"https:\/\/vomigod.com\/index.php?rest_route=\/wp\/v2\/pages"}],"about":[{"href":"https:\/\/vomigod.com\/index.php?rest_route=\/wp\/v2\/types\/page"}],"author":[{"embeddable":true,"href":"https:\/\/vomigod.com\/index.php?rest_route=\/wp\/v2\/users\/1"}],"replies":[{"embeddable":true,"href":"https:\/\/vomigod.com\/index.php?rest_route=%2Fwp%2Fv2%2Fcomments&post=560"}],"version-history":[{"count":2,"href":"https:\/\/vomigod.com\/index.php?rest_route=\/wp\/v2\/pages\/560\/revisions"}],"predecessor-version":[{"id":667,"href":"https:\/\/vomigod.com\/index.php?rest_route=\/wp\/v2\/pages\/560\/revisions\/667"}],"wp:attachment":[{"href":"https:\/\/vomigod.com\/index.php?rest_route=%2Fwp%2Fv2%2Fmedia&parent=560"}],"curies":[{"name":"wp","href":"https:\/\/api.w.org\/{rel}","templated":true}]}}