{"id":506,"date":"2017-02-17T14:29:48","date_gmt":"2017-02-17T13:29:48","guid":{"rendered":"https:\/\/vomigod.com\/?page_id=506"},"modified":"2025-04-15T12:27:58","modified_gmt":"2025-04-15T10:27:58","slug":"delirium","status":"publish","type":"page","link":"https:\/\/vomigod.com\/?page_id=506","title":{"rendered":"DELIRIUM"},"content":{"rendered":"<p style=\"text-align: center;\"><b>S\u0105 to s\u0142owa:<\/b><\/p>\n<p style=\"text-align: center;\">SYNDROM DZIEWICY [P]<br \/>\nLe\u017cy sama&#8230;<br \/>\nMarzy o wielkim cz\u0142onku&#8230;<br \/>\nRozdarte mi\u0119so, b\u00f3l, krew&#8230;<br \/>\nKolejne pchni\u0119cie &#8211; jak walec&#8230;<br \/>\nEkstaza przez gwa\u0142t&#8230;<br \/>\nKr\u00f3lestwo pedofilii&#8230;<br \/>\nCzerwona m\u0119ka stosunku&#8230;<br \/>\nLe\u017cy&#8230;<br \/>\nDziewica z rozdartym kroczem!<br \/>\nWejd\u017a w ni\u0105 raz jeszcze!<\/p>\n<p style=\"text-align: center;\">RESPIRATOR [R]<br \/>\nLudzka \u015bmier\u0107 otacza mnie<br \/>\nWsz\u0119dzie b\u00f3l i cierpienie<br \/>\nCia\u0142a, konanie, j\u0119ki zabijanych<br \/>\nMorderczy instynkt zabijania<br \/>\nMordercza ch\u0119\u0107 przelewania krwi<br \/>\nNieludzka \u017c\u0105dza \u015bmierci<br \/>\nCh\u0119\u0107 b\u00f3lu w twojej g\u0142owie popycha mnie<br \/>\nCzyni\u0107 \u015bmier\u0107, zadawa\u0107 b\u00f3l<br \/>\nWypru\u0107 z was \u017cycie<br \/>\nWypru\u0107 z was gorycz i dusze<br \/>\nZada\u0107 piekielny b\u00f3l<br \/>\n\u015amiertelne konwulsje<br \/>\nParali\u017c m\u00f3zgu po ciosie siekier\u0105<br \/>\nRoz\u0142upana czaszka, krwawi\u0105ce aorty<br \/>\nWalka o cia\u0142o<br \/>\nNic nie pomaga<br \/>\nKonasz, spazmy, p\u0142acz bliskich<br \/>\nNie mog\u0105 nic zrobi\u0107<\/p>\n<p style=\"text-align: center;\">MANIAKALNY RZE\u0179NIK [R]<br \/>\nOp\u0119tany ch\u0119ci\u0105 krwi<br \/>\nOdorem gnij\u0105cego cia\u0142a<br \/>\nWidokiem flak\u00f3w<br \/>\nZerwanymi \u015bci\u0119gnami<br \/>\nPo\u0142amanymi ko\u015b\u0107mi<br \/>\nOdr\u0105ba\u0107 \u0142by<br \/>\nRozpru\u0107 brzuchy<br \/>\nWyci\u0105gn\u0105\u0107 jelita<br \/>\nRoz\u0142upa\u0107 \u0142by<br \/>\nNapi\u0107 si\u0119 krwi z czaszki<br \/>\nWyci\u0105gn\u0105\u0107 m\u00f3zgi, zje\u015b\u0107 je<br \/>\nZ uporem maniaka zadawa\u0107 kolejny cios<\/p>\n<p style=\"text-align: center;\">ODARTA Z \u017bYCIA [P]<br \/>\nw cich\u0105 noc<br \/>\nwdar\u0142 si\u0119 on<br \/>\nz chor\u0105 my\u015bl\u0105<br \/>\nspotka\u0142 j\u0105<\/p>\n<p style=\"text-align: center;\">w spermy furii<br \/>\nci\u0105\u0142 i bi\u0142<br \/>\ngwa\u0142c\u0105c ci\u0105gle<br \/>\npe\u0142en si\u0142<\/p>\n<p style=\"text-align: center;\">nie wie nawet<br \/>\nco go czeka<br \/>\nodar\u0142 z \u017cycia<br \/>\nstrz\u0119p cz\u0142owieka<\/p>\n<p style=\"text-align: center;\">gdy go znajd\u0119<br \/>\ndowie si\u0119<br \/>\nco oznacza<br \/>\nb\u00f3l i gniew<\/p>\n<p style=\"text-align: center;\">(noc z 11 na 12 maja 2001 &#8211; gi\u0144!!!!)<\/p>\n<p style=\"text-align: center;\">METRORRHAGIA [P]<br \/>\ns\u0105czy si\u0119 powoli<br \/>\nkropla za kropl\u0105<br \/>\ndziwisz si\u0119 wielce<br \/>\nstoj\u0105c w ka\u0142u\u017cy krwi<br \/>\nczerwone strugi<br \/>\np\u0142yn\u0105 po udach<br \/>\nsrom rozerwany<br \/>\nwisz\u0105ce strz\u0119py<\/p>\n<p style=\"text-align: center;\">krwawienie z macicy<br \/>\nkrwawienie z macicy<\/p>\n<p style=\"text-align: center;\">obok martwe cia\u0142o<br \/>\npi\u0119\u0107 miesi\u0119cy w \u0142onie<br \/>\n\u0142omem wyd\u0142ubane<br \/>\npachnie \u015bwie\u017cym mi\u0119sem<br \/>\n\u017celazna aborcja<br \/>\njajow\u00f3d w krwawej rdzy<br \/>\nakt mi\u0142o\u015bci &#8211; infekcja<br \/>\npo\u017c\u0105danie &#8211; \u015bmier\u0107<\/p>\n<p style=\"text-align: center;\">krwawienie z macicy<br \/>\nkrwawienie z macicy<\/p>\n<p style=\"text-align: center;\">PO\u017bERACZ WYMIOCIN [P]<br \/>\nZnowu uderzy\u0142<br \/>\nTylko si\u0119 zabawi<br \/>\nTylko na ni\u0105 czeka<br \/>\nTylko ona dotrze do kr\u00f3lestwa zgnilizny<\/p>\n<p style=\"text-align: center;\">Podchodzi wolno<br \/>\nTylko wyjmie n\u00f3\u017c<br \/>\nTylko zabawi si\u0119 w rze\u017anika<br \/>\nTylko ona utonie w ka\u0142u\u017cy swoich wymiocin<\/p>\n<p style=\"text-align: center;\">Mocne uderzenie<br \/>\nTylko dobrze wyceluje<br \/>\nTylko twarz i korpus<br \/>\nTylko ona ujrzy swe wn\u0119trzno\u015bci i wyrzyga<\/p>\n<p style=\"text-align: center;\">Pierdolona kurwa<br \/>\nTylko po co wychodzi\u0142a<br \/>\nTylko teraz j\u0119czy<br \/>\nTylko miota si\u0119 mi\u0119dzy jelitami, sromem i odbytem<\/p>\n<p style=\"text-align: center;\">Zdeformowana twarz<br \/>\nTylko robaki w oczodo\u0142ach<br \/>\nTylko kawa\u0142ek padliny<br \/>\nTylko wyjmie kutasa i naleje na bajoro wymiocin<\/p>\n<p style=\"text-align: center;\">Pierdolona kurwa!!!<br \/>\nPierdolona kurwa!!!<br \/>\nPierdolona kurwa!!!<br \/>\nPierdolona kurwa!!!<\/p>\n<p style=\"text-align: center;\">2001-08-20 i chuj&#8230;.(PS. 2004-05-14 jeszcze wi\u0119kszy chuj&#8230;.. i chuj&#8230;)<\/p>\n<p style=\"text-align: center;\">HEMATOFOBIA [P]<br \/>\nSetki litr\u00f3w krwi<br \/>\nTrzask kolejnych drzwi<\/p>\n<p style=\"text-align: center;\">Skalpel spada w d\u00f3\u0142<br \/>\nPrzera\u017aliwy b\u00f3l<\/p>\n<p style=\"text-align: center;\">G\u0142uche j\u0119ki wsz\u0119dzie<br \/>\nPlazma, n\u00f3\u017c i ci\u0119cie<\/p>\n<p style=\"text-align: center;\">Pacjent czeka ju\u017c<br \/>\nZardzewia\u0142y n\u00f3\u017c<\/p>\n<p style=\"text-align: center;\">Strach przed krwi widokiem<br \/>\nCia\u0142o le\u017cy bokiem<\/p>\n<p style=\"text-align: center;\">Ostrze szybko kroi<br \/>\nKrzyk z innych pokoi<\/p>\n<p style=\"text-align: center;\">\u015aci\u0119ta spada g\u0142owa<br \/>\nI wszystko od nowa<\/p>\n<p style=\"text-align: center;\">Setki litr\u00f3w krwi<br \/>\nTrzask kolejnych drzwi<\/p>\n<p style=\"text-align: center;\">PAMI\u0118TNIK NEKROFILA [P]<br \/>\nDzi\u015b znowu wyrusz\u0119<br \/>\nCia\u0142o jej narusz\u0119<br \/>\nSztywna i sina<br \/>\nMartwa dziewczyna<\/p>\n<p style=\"text-align: center;\">Po\u015br\u00f3d grob\u00f3w cieni<br \/>\nWykopi\u0119 j\u0105 spod ziemi<br \/>\nBrudna kobieta<br \/>\nCa\u0142a ju\u017c zgnita<\/p>\n<p style=\"text-align: center;\">Pierdolenie trupa<br \/>\nLarwa ropy szuka<br \/>\nCiasnej pochwy mroki<br \/>\nCzteroletnie zw\u0142oki<\/p>\n<p style=\"text-align: center;\">W odbyt jej si\u0119 wgryzam<br \/>\nAnal-analiza<br \/>\nJelit d\u0142uga linia<br \/>\nNekropedofilia<\/p>\n<p style=\"text-align: center;\">Silnie wchodz\u0119 w otw\u00f3r z boku<br \/>\nMocne rwanie w moim kroku<br \/>\nSperma cieknie z ma\u0142ych ust<br \/>\nSzybko gniot\u0119 nik\u0142y biust<\/p>\n<p style=\"text-align: center;\">Cz\u0142onki le\u017c\u0105 dooko\u0142a<br \/>\nPot si\u0119 leje z mego czo\u0142a<br \/>\nKorpus wbity ju\u017c na pal<br \/>\nNekropedokanibal<\/p>\n<p style=\"text-align: center;\">NEKROSADYSTYCZNY TURBOSPERMINATOR [R]<br \/>\nUwi\u0119ziony w b\u00f3lu<br \/>\nWe w\u0142asnych spazmach<br \/>\nPodniecenie, rozkosz<br \/>\nW\u0142asnego konania<\/p>\n<p style=\"text-align: center;\">Pozwoli\u0142 na wszystko<br \/>\nSadystyczna orgia<br \/>\nSadystyczne tortury<br \/>\nOrgazmu tortura<\/p>\n<p style=\"text-align: center;\">Pr\u0105d porusza bezw\u0142adne ko\u0144czyny<br \/>\nOczodo\u0142y kipi\u0105 krwi\u0105<br \/>\nZagotowane oczy<br \/>\nUgotowany m\u00f3zg kipi uszami<br \/>\nZesztywnia\u0142y j\u0119zyk<br \/>\nNosem wybi\u0142 \u015bluz<br \/>\nJ\u0105dra eksploduj\u0105<br \/>\nSperma, krew<br \/>\nLe\u017cy ca\u0142y w kale<\/p>\n<p style=\"text-align: center;\">Totalny orgazm w grobie<br \/>\n\u017bywcem pogrzebany<br \/>\nPo\u015bmiertna ejakulacja<br \/>\nTego chcia\u0142<\/p>\n<p style=\"text-align: center;\">C.R.C. [P]<br \/>\nWidzisz moj\u0105 twarz<br \/>\nW strachu ci\u0105gle srasz<br \/>\nOstrz\u0119 t\u0119py n\u00f3\u017c<br \/>\nSam go sobie w\u0142\u00f3\u017c<\/p>\n<p style=\"text-align: center;\">Krew si\u0119 leje<br \/>\nKrew ju\u017c \u015bcieka<br \/>\nNadmiar cia\u0142a<br \/>\nFlak\u00f3w rzeka<\/p>\n<p style=\"text-align: center;\">Gorefobia&#8230;<br \/>\nBlu\u017anierstwo&#8230;<br \/>\n\u0106wiartujesz&#8230; Swe mi\u0119so!!!<\/p>\n<p style=\"text-align: center;\">Panika&#8230;<br \/>\nKrwawienie&#8230;<br \/>\nB\u00f3l cia\u0142a&#8230; Cierpienie!!!<\/p>\n<p style=\"text-align: center;\">ROZMOWY Z KA\u0141EM [P]<br \/>\nW\u00f3dy rzeka<br \/>\nKurwa czeka<br \/>\nFlaszka stoi<br \/>\nKutas boli<\/p>\n<p style=\"text-align: center;\">G\u0142owa p\u0119ka<br \/>\nMartwa nerka<br \/>\nOdbyt pali<br \/>\nKa\u0142 z robali<\/p>\n<p style=\"text-align: center;\">Twa \u015bledziona ju\u017c kona<br \/>\nWolno p\u0142ynie \u015bluz i ropa<br \/>\nSie\u0107 jelita &#8211; tkanka zbita<br \/>\nHaki szarpi\u0105 zwieracz tw\u00f3j<br \/>\nP\u0142ynie g\u00f3wno niczym ciek<br \/>\nKibel sp\u0142yn\u0105\u0142 &#8211; smr\u00f3d i krew<br \/>\nHemoroidy wisz\u0105 w d\u00f3\u0142<br \/>\n\u017by\u0142a z \u017cy\u0142\u0105 tworz\u0105 b\u00f3l<\/p>\n<p style=\"text-align: center;\">Up\u0142yw ka\u0142u<br \/>\nj\u0119k kana\u0142u<br \/>\npe\u0142ne gacie<br \/>\ns\u0142up na klacie<\/p>\n<p style=\"text-align: center;\">g\u00f3wno p\u0142ynie<br \/>\nz twoich warg<br \/>\nekskrement\u00f3w<br \/>\nlubisz smak<\/p>\n<p style=\"text-align: center;\">JA NIE MOG\u0118 NIC ALE CIEBIE KURWO CHCIA\u0141BYM ZAJEBA\u0106 [P]<br \/>\nParanoja<br \/>\nW g\u0142owie krzyki<br \/>\nSchizofrenia<br \/>\nMnoga cia\u0142<\/p>\n<p style=\"text-align: center;\">Od ma\u0142ego<br \/>\nPot\u0119piony<br \/>\nCa\u0142e \u017cycie<br \/>\nWy\u015bmiewany<\/p>\n<p style=\"text-align: center;\">Przyjdzie chwila<br \/>\nGdy uderzy<br \/>\nZgni\u0142e cia\u0142o<br \/>\nLe\u017cy!!!<\/p>\n<p style=\"text-align: center;\">Wielki top\u00f3r<br \/>\nZatopiony<br \/>\nMartwe szcz\u0105tki<br \/>\nJego \u017cony<\/p>\n<p style=\"text-align: center;\">Ju\u017c nie \u017cyje<br \/>\nKrew jej pije<br \/>\nGryzie korpus<br \/>\n\u017byje!!!<\/p>\n<p style=\"text-align: center;\">Nigdy w \u017cyciu nie pr\u00f3bowa\u0142<br \/>\nWsadzi\u0142 z\u0119by<br \/>\nZwymiotowa\u0142<\/p>\n<p style=\"text-align: center;\">S\u0142abe cia\u0142o w\u0105t\u0142y umys\u0142<br \/>\nStrach przed katem<br \/>\nZnowu stch\u00f3rzy\u0142<\/p>\n<p style=\"text-align: center;\">Kolejny raz<br \/>\nBohater nasz<br \/>\nObudzi\u0142 si\u0119<br \/>\nZe snu<\/p>\n<p style=\"text-align: center;\">Beznogi tu\u0142\u00f3w<br \/>\nKikuty dwa<br \/>\nApatia wci\u0105\u017c go pcha<\/p>\n<p style=\"text-align: center;\">Ofiar\u0105 by\u0142<br \/>\nCi\u0105gle krwawi\u0142<br \/>\nBezsilny przez ten b\u00f3l<\/p>\n<p style=\"text-align: center;\">Schizofrenia<br \/>\nZabijanie<br \/>\nJego jedyny cel<\/p>\n<p style=\"text-align: center;\">PRAGA &#8217;68 [P]<br \/>\nSunie wolno pojazd<br \/>\nSi\u0142a w stali drzemie<br \/>\nTo jest bratni najazd<br \/>\nW komuchowym chlewie<\/p>\n<p style=\"text-align: center;\">Chuj wie o co chodzi<br \/>\nSnajper ju\u017c na dachu<br \/>\nTerror tak si\u0119 rodzi<br \/>\nP\u00f3jdziecie do piachu<\/p>\n<p style=\"text-align: center;\">Ludzie stoj\u0105 na ulicach<br \/>\nG\u00f3wno gnije w odbytnicach<br \/>\nJu\u017c padaj\u0105 pierwsze strza\u0142y<br \/>\nPraga p\u0142onie &#8211; lud sprzedany<\/p>\n<p style=\"text-align: center;\">Na ulicach krew si\u0119 leje<br \/>\nPolski \u017co\u0142nierz terror sieje<br \/>\nNa chodnikach le\u017c\u0105 cia\u0142a<br \/>\nTak holocaust si\u0119 wyzwala<\/p>\n<p style=\"text-align: center;\">Czo\u0142g nadje\u017cdza pomalutku<br \/>\nLufa dymi &#8211; sadyzm smutku<br \/>\nKto\u015b benzyn\u0105 si\u0119 oblewa<br \/>\nB\u0142ysk zapa\u0142ki &#8211; \u0142ez ulewa<\/p>\n<p style=\"text-align: center;\">Jak pochodnia zapalony<br \/>\nSamob\u00f3jca ju\u017c zw\u0119lony<br \/>\nCzarny korpus cicho spada<br \/>\nTeraz nasza jest juz Praga!!!<\/p>\n<p style=\"text-align: center;\">SM [P]<br \/>\nJeden facet &#8211; trzy panienki<br \/>\nWszyscy lec\u0105 do \u0142azienki<br \/>\nA tam my\u015bl\u0105c ju\u017c o seksie<br \/>\nWypinaj\u0105 si\u0119 w lateksie<br \/>\nPejcz ju\u017c smaga t\u0142uste dupy<br \/>\nTo zabawa naszej grupy<br \/>\nCzerwie\u0144 w pr\u0119gach je ju\u017c kryje<br \/>\nWykrzywiaj\u0105 si\u0119 ich ryje<br \/>\nOne krzycz\u0105 w niebog\u0142osy<br \/>\nOn im zrywa z \u0142ona w\u0142osy<br \/>\nWi\u0105\u017ce r\u0119ce, wi\u0105\u017ce nogi<br \/>\nI podnosi je z po\u0142ogi<br \/>\nWiesza szybko je na \u015bcianie<br \/>\nNapierdala nies\u0142ychanie<br \/>\nWtem podlewa wprawnie wrz\u0105tkiem<br \/>\nPo kolanach wali m\u0142otkiem<br \/>\nPiersi mocno ob\u015bciskuje<br \/>\nSznurkiem szybko obwi\u0105zuje<br \/>\nSine sutki stercz\u0105 sobie<br \/>\nKole\u015b grzebie palcem w rowie<br \/>\nDo gromnicy si\u0119 zabiera<br \/>\nWosk si\u0119 leje &#8211; krople zbiera<br \/>\nRzuca w kurwy, rzuca celnie<br \/>\nTapla nogi w w\u0142asnej spermie<br \/>\nSukom szpary si\u0119 zmoczy\u0142y<br \/>\nSpuch\u0142y krocza, wysz\u0142y \u017cy\u0142y<br \/>\nI zacz\u0119\u0142y krzycze\u0107, drapa\u0107<br \/>\nKole\u015b strzeli\u0142 &#8211; zacz\u0105\u0142 sapa\u0107<br \/>\nObla\u0142 sperm\u0105 wszystkie twarze<br \/>\nPodda\u0142 kurwy srogiej karze<br \/>\nWzi\u0105\u0142 shotguna i wymierzy\u0142<br \/>\nDwie minuty p\u00f3\u017aniej nie \u017cy\u0142&#8230;<\/p>\n<p style=\"text-align: center;\">ORALTROLL [P]<br \/>\nIdzie sobie wstr\u0119tny skrzat<br \/>\nNie jest ju\u017c niczego wart<br \/>\nCi\u0105gle co\u015b jebany ssie<br \/>\n\u0141yka sperm\u0119 &#8211; wszystko zje<\/p>\n<p style=\"text-align: center;\">Wielkie z\u0119by, krzywy nos<br \/>\nKutas stoi &#8211; taki los<br \/>\nJ\u0119zyk szybko idzie w ruch<br \/>\nStrzeli\u0142 mocno &#8211; mokry brzuch<\/p>\n<p style=\"text-align: center;\">ORALTROLL FUCK!!!<\/p>\n<p style=\"text-align: center;\">SAMOB\u00d3JCA [P]<br \/>\nW d\u0142oni sznur&#8230;<br \/>\nMy\u015bli zbi\u00f3r&#8230;<br \/>\nBelka czeka<br \/>\nNa cz\u0142owieka&#8230;<\/p>\n<p style=\"text-align: center;\">Strachu blask&#8230;<br \/>\nKarku trzask&#8230;<br \/>\nKrew si\u0119 mieni<br \/>\nW \u015bwiecie cieni&#8230;<\/p>\n<p>&nbsp;<\/p>\n","protected":false},"excerpt":{"rendered":"<p>S\u0105 to s\u0142owa: SYNDROM DZIEWICY [P] Le\u017cy sama&#8230; Marzy o wielkim cz\u0142onku&#8230; Rozdarte mi\u0119so, b\u00f3l,&#8230;<\/p>\n<div class=\"more-link-wrapper\"><a class=\"more-link\" href=\"https:\/\/vomigod.com\/?page_id=506\">Grzeb w g\u00f3wnie<span class=\"screen-reader-text\">DELIRIUM<\/span><\/a><\/div>\n","protected":false},"author":1,"featured_media":0,"parent":0,"menu_order":0,"comment_status":"closed","ping_status":"closed","template":"","meta":{"footnotes":""},"class_list":["post-506","page","type-page","status-publish","hentry","excerpt","zoom","full-without-featured","even","excerpt-0"],"_links":{"self":[{"href":"https:\/\/vomigod.com\/index.php?rest_route=\/wp\/v2\/pages\/506","targetHints":{"allow":["GET"]}}],"collection":[{"href":"https:\/\/vomigod.com\/index.php?rest_route=\/wp\/v2\/pages"}],"about":[{"href":"https:\/\/vomigod.com\/index.php?rest_route=\/wp\/v2\/types\/page"}],"author":[{"embeddable":true,"href":"https:\/\/vomigod.com\/index.php?rest_route=\/wp\/v2\/users\/1"}],"replies":[{"embeddable":true,"href":"https:\/\/vomigod.com\/index.php?rest_route=%2Fwp%2Fv2%2Fcomments&post=506"}],"version-history":[{"count":4,"href":"https:\/\/vomigod.com\/index.php?rest_route=\/wp\/v2\/pages\/506\/revisions"}],"predecessor-version":[{"id":774,"href":"https:\/\/vomigod.com\/index.php?rest_route=\/wp\/v2\/pages\/506\/revisions\/774"}],"wp:attachment":[{"href":"https:\/\/vomigod.com\/index.php?rest_route=%2Fwp%2Fv2%2Fmedia&parent=506"}],"curies":[{"name":"wp","href":"https:\/\/api.w.org\/{rel}","templated":true}]}}