{"id":13,"date":"2015-08-21T15:07:27","date_gmt":"2015-08-21T13:07:27","guid":{"rendered":"https:\/\/vomigod.com\/?page_id=13"},"modified":"2017-04-13T15:09:06","modified_gmt":"2017-04-13T13:09:06","slug":"testosteron","status":"publish","type":"page","link":"https:\/\/vomigod.com\/?page_id=13","title":{"rendered":"TESTOSTERON"},"content":{"rendered":"<p>VOMIGOD powsta\u0142 w Zielonej G\u00f3rze pod koniec sierpnia 2000 z inicjatywy czterech popapra\u0144c\u00f3w: Radka (voc), Grzesia (guit), Pavulona (dr) i Pyrosha (bass). Pod koniec tego roku do ekipy do\u0142\u0105czy\u0142 Kryha, kt\u00f3ry zaj\u0105\u0142 si\u0119 katowaniem swej pi\u0119knej gitary i uszu innych. Czas i alhohol p\u0142yna\u0142, zacz\u0119\u0142y si\u0119 pierwsze koncerty &#8211; wi\u0119ksze i mniejsze. W kwietniu 2001 zesp\u00f3\u0142 opu\u015bci\u0142 Grze\u015b, kt\u00f3ry uciek\u0142 w krain\u0119 elektroniki i pocz\u0105\u0142 sia\u0107 soniczny terror ze swoim tworem &#8211; TOTENHAUS.<br \/>\nW czteroosobowym sk\u0142adzie zesp\u00f3\u0142 dalej sobie koncertuje, nagrywa demo, debiutancki materia\u0142, udziela si\u0119 na kilku splitach i stacza si\u0119 w krain\u0119 u\u017cywek.<br \/>\nKapela szuka\u0142a drugiego gitarzysty wi\u0119c z pocz\u0105tkiem roku 2006 do sk\u0142adu dotoczy\u0142 si\u0119 Simon (MORBUS MORTIFER, SUPREME LORD). Jednak\u017ce w po\u0142owie tego roku Kryha zmuszony zosta\u0142 do emigracji za chlebem &#8211; konfiguracja VG powr\u00f3ci\u0142a do kwartetu. Kolejny rok p\u00f3\u017aniej na miejsce Simona przyszed\u0142 Ozi, m\u0142ody wata\u017cka z zespo\u0142u CONQUEROR WORM.<br \/>\nCykliczne zmiany sk\u0142adu os\u0142abi\u0142y dzia\u0142alno\u015b\u0107 koncertow\u0105 i wydawnicz\u0105, ale jak si\u0119 okaza\u0142o to jeszcze nie ich koniec. W 2008 na drug\u0105 gitar\u0119 do ekipy do\u0142\u0105czy\u0142 towarzysz Oziego z poprzedniego zespo\u0142u &#8211; Knudsen. Z pocz\u0105tkiem 2009 kapel\u0119 niestety opuszcza wieloletni perkusista Pavulon (cheers bro!) &#8211; na jego miejsce wchodzi Mogway ze slamuj\u0105cego VISCERAL INFECTION.<br \/>\nJak widzimy &#8211; rok 2009 jest ca\u0142kiem dziwny &#8211; w czerwcu Radek zdecydowa\u0142 si\u0119 opu\u015bci\u0107 zesp\u00f3\u0142 i skoncentrowa\u0107 si\u0119 na oldschool death metalowej grupie KILL&#8230;<\/p>\n<p>Kolejny rok jest jeszcze dziwniejszy gdy\u017c dzia\u0142alno\u015b\u0107 zostaje zawieszona&#8230;<\/p>\n<p>&nbsp;<\/p>\n<p>Mo\u017cliwe, \u017ce wr\u00f3cimy jeszcze w dobrym sk\u0142adzie \ud83d\ude42<\/p>\n<p>&nbsp;<\/p>\n","protected":false},"excerpt":{"rendered":"<p>VOMIGOD powsta\u0142 w Zielonej G\u00f3rze pod koniec sierpnia 2000 z inicjatywy czterech popapra\u0144c\u00f3w: Radka (voc),&#8230;<\/p>\n<div class=\"more-link-wrapper\"><a class=\"more-link\" href=\"https:\/\/vomigod.com\/?page_id=13\">Grzeb w g\u00f3wnie<span class=\"screen-reader-text\">TESTOSTERON<\/span><\/a><\/div>\n","protected":false},"author":1,"featured_media":0,"parent":0,"menu_order":0,"comment_status":"closed","ping_status":"closed","template":"","meta":{"footnotes":""},"class_list":["post-13","page","type-page","status-publish","hentry","excerpt","zoom","full-without-featured","even","excerpt-0"],"_links":{"self":[{"href":"https:\/\/vomigod.com\/index.php?rest_route=\/wp\/v2\/pages\/13","targetHints":{"allow":["GET"]}}],"collection":[{"href":"https:\/\/vomigod.com\/index.php?rest_route=\/wp\/v2\/pages"}],"about":[{"href":"https:\/\/vomigod.com\/index.php?rest_route=\/wp\/v2\/types\/page"}],"author":[{"embeddable":true,"href":"https:\/\/vomigod.com\/index.php?rest_route=\/wp\/v2\/users\/1"}],"replies":[{"embeddable":true,"href":"https:\/\/vomigod.com\/index.php?rest_route=%2Fwp%2Fv2%2Fcomments&post=13"}],"version-history":[{"count":6,"href":"https:\/\/vomigod.com\/index.php?rest_route=\/wp\/v2\/pages\/13\/revisions"}],"predecessor-version":[{"id":740,"href":"https:\/\/vomigod.com\/index.php?rest_route=\/wp\/v2\/pages\/13\/revisions\/740"}],"wp:attachment":[{"href":"https:\/\/vomigod.com\/index.php?rest_route=%2Fwp%2Fv2%2Fmedia&parent=13"}],"curies":[{"name":"wp","href":"https:\/\/api.w.org\/{rel}","templated":true}]}}